{"id":834,"date":"2016-10-06T12:09:33","date_gmt":"2016-10-06T10:09:33","guid":{"rendered":"http:\/\/www.joseph-wresinski.org\/de\/?page_id=834"},"modified":"2021-11-22T11:26:59","modified_gmt":"2021-11-22T10:26:59","slug":"biographie","status":"publish","type":"page","link":"https:\/\/www.joseph-wresinski.org\/de\/biographie\/","title":{"rendered":"Biographie"},"content":{"rendered":"<p>Joseph Wresinski wurde am 12. Februar 1917 in Angers (Frankreich) geboren, wo seine Familie w\u00e4hrend des Ersten Weltkriegs interniert war. Sein Vater, Wladyslaw Wrzesinski, trug als Pole einen deutschen Pass, die Mutter, Lucrezia Sellas y Lopez, stammte aus Spanien. Joseph war das zweite von vier \u00fcberlebenden Kindern. Fremdenfeindlichkeit und die Suche nach einem Verdienst trieben den Vater sp\u00e4ter aus Angers fort. Die Familie war auf Unterst\u00fctzung angewiesen und bekam die Verachtung der Umgebung zu sp\u00fcren.<\/p>\n<blockquote><p>&#8222;Almosen, nicht Freundschaft verbanden uns mit den anderen.&#8220;<\/p><\/blockquote>\n<p>Als Konditorlehrling in Nantes engagierte er sich in der Christlichen Arbeiterjugend CAJ. Er entschloss sich Priester zu werden, um den Armen das Evangelium zu bringen und &#8222;f\u00fcr sie zu k\u00e4mpfen, damit niemals mehr eine Familie das gleiche durchmachen musste wie die meine.&#8220; 1946 wurde er in Soissons geweiht. Er war mit der Bewegung der Arbeiterpriester verbunden und wirkte w\u00e4hrend sechs Jahren als Pfarrer in Dhuizel, einem Dorf im Departement Aisne.<\/p>\n<p>1956 stellte ihn sein Bischof frei f\u00fcr die Seelsorge im Obdachlosenlager von Noisy-le-Grand bei Paris. Zehn Jahre lang teilte P\u00e8re Joseph (wie er nun h\u00e4ufig genannt wurde) das Leben der etwa 250 Familien, die dort in r\u00f6hrenf\u00f6rmigen \u201eNissenh\u00fctten\u201c untergebracht waren. Er widersetzte sich allen Versuchen, sie in \u201eIntegrierbare\u201c und \u201eNichtresozialisierbare\u201c aufspalten, und schuf mit ihnen Strukturen f\u00fcr ein Gemeinschaftsleben sowie einen Verein, um die gemeinsamen Anliegen zu vertreten.<\/p>\n<blockquote><p>&#8222;Ich war besessen von der Idee, dass diese Familien niemals aus ihrem Elend herauskommen w\u00fcrden, solange sie nicht in ihrer Gesamtheit, als Volk, \u00fcberall da empfangen w\u00fcrden, wo die \u00fcbrigen Menschen diskutieren und sich abm\u00fchen.&#8220;<\/p><\/blockquote>\n<p>Junge M\u00e4nner und Frauen mit ganz verschiedenen Berufen engagierten sich als Freiwillige. Mit ihnen baute er eine Gemeinschaft fachlich kompetenter Mitarbeiter auf: das \u201eVolontariat\u201c. Er gewann auch Freunde und Verb\u00fcndete, die mit ihrem guten Ruf f\u00fcr die entstehende Bewegung b\u00fcrgten.<\/p>\n<p>Um die im Zusammenleben mit armutsbetroffenen Familien gewonnenen Erkenntnisse im Dialog mit der Gesellschaft fruchtbar zu machen, gr\u00fcndete Wresinski 1960 ein Forschungsinstitut. In den Ausgeschlossenen der modernen Wohlstandsgesellschaften erkannte er die Erben des \u201eVierten Standes\u201c, der zur Zeit der franz\u00f6sischen Revolution vergeblich seine Rechte eingefordert hatte, und des \u201eLumpenproletariats\u201c, das in den K\u00e4mpfen der organisierten Arbeiterschaft keinen Platz gefunden hatte. Als Ausdruck dieser gemeinsamen Identit\u00e4t pr\u00e4gte er 1969 den Namen \u201eQuart Monde\u201c (Vierte Welt).<\/p>\n<p>Wresinskis Ziel war es, die Menschen, die weltweit in extremer Armut leben, als gleichberechtigte Partner ins politische, wirtschaftliche, kulturelle und religi\u00f6se Leben einzubringen. Als Mitglied des franz\u00f6sischen Wirtschafts- und Sozialrats legte er 1987 einen Armutsbericht vor, der wegweisend wurde f\u00fcr diese Partnerschaft. Er definiert Armut als eine Frage des Zugangs zu Rechten und Verantwortlichkeiten :<\/p>\n<blockquote><p>&#8222;Wirtschaftliche und soziale Unsicherheit \u2026 f\u00fchrt dann zu schwerer Armut, wenn sie mehrere Existenzbereiche ber\u00fchrt, wenn sie \u00fcber einen l\u00e4ngeren Zeitraum anh\u00e4lt, wenn sie die M\u00f6glichkeiten beeint\u00e4chtigt, aus eigener Kraft in absehbarer Zeit seine Verantwortlichkeiten wieder zu \u00fcbernehmen und seine Rechte zur\u00fcckzuerwerben&#8220;.<\/p><\/blockquote>\n<p>Mit der Einweihung einer Steinplatte zu Ehren der Opfer von Hunger, Unwissenheit und Gewalt am 17. Oktober 1987 auf dem Trocaderoplatz in Paris begr\u00fcndete Wresinski den &#8222;Welttag zur \u00dcberwindung von Armut und Ausgrenzung&#8220;. Dieser wurde 1992 von der UNO anerkannt. Seine zentrale Botschaft lautet:<\/p>\n<blockquote><p><i>&#8222;Wo immer Menschen dazu verurteilt sind, im Elend zu leben, werden die Menschenrechte verletzt. Sich mit vereinten Kr\u00e4ften f\u00fcr ihre Achtung einzusetzen, ist heilige Pflicht.&#8220; <\/i><\/p><\/blockquote>\n<p>P\u00e8re Joseph verstarb am 14. Februar 1988 und ist im internationalen Zentrum von ATD Vierte Welt in M\u00e9ry-sur-Oise begraben. Sein Nachlass wird im Internationalen Joseph Wresinski Zentrum in Baillet-en-France aufbewahrt und der \u00d6ffentlichkeit zug\u00e4nglich gemacht.<\/p>\n<h4>Siehe auch:<\/h4>\n<ul>\n<li><a href=\"http:\/\/www.joseph-wresinski.org\/de\/kleiner-junge-im-teufelskreis-der\/\">\u00a0Kleiner Junge im Teufelskreis der Gewalt<\/a><\/li>\n<li><a href=\"https:\/\/www.bbkl.de\/index.php\/frontend\/lexicon\/W\/Wr-Wt\/wresinskijosephprejoseph-73524\">BBKL<\/a><\/li>\n<li><a href=\"http:\/\/de.wikipedia.org\/wiki\/Joseph_Wresinski\">Wikipedia<\/a><\/li>\n<li><a href=\"http:\/\/www.marcelfarine.ch\/art_de_006.htm\">Webseite Marcel Farine<\/a><\/li>\n<\/ul>\n","protected":false},"excerpt":{"rendered":"<p>Joseph Wresinski wurde am 12. Februar 1917 in Angers (Frankreich) geboren, wo seine Familie w\u00e4hrend des Ersten Weltkriegs interniert war. (&#8230;) <a class=\"more-link\" href=\"https:\/\/www.joseph-wresinski.org\/de\/biographie\/\">Weiterlesen &#8230; <span class=\"meta-nav\">&rarr;<\/span><\/a><\/p>\n","protected":false},"author":2,"featured_media":893,"parent":0,"menu_order":0,"comment_status":"closed","ping_status":"closed","template":"","meta":{"_acf_changed":false,"ep_exclude_from_search":false,"footnotes":""},"class_list":["post-834","page","type-page","status-publish","has-post-thumbnail","hentry"],"acf":[],"yoast_head":"<!-- This site is optimized with the Yoast SEO plugin v27.5 - https:\/\/yoast.com\/product\/yoast-seo-wordpress\/ -->\n<title>Biographie - Joseph Wresinski DE<\/title>\n<meta name=\"robots\" content=\"index, follow, max-snippet:-1, max-image-preview:large, max-video-preview:-1\" \/>\n<link rel=\"canonical\" href=\"https:\/\/www.joseph-wresinski.org\/de\/biographie\/\" \/>\n<meta property=\"og:locale\" content=\"de_DE\" \/>\n<meta property=\"og:type\" content=\"article\" \/>\n<meta property=\"og:title\" content=\"Biographie - Joseph Wresinski DE\" \/>\n<meta property=\"og:description\" content=\"Joseph Wresinski wurde am 12. Februar 1917 in Angers (Frankreich) geboren, wo seine Familie w\u00e4hrend des Ersten Weltkriegs interniert war. (...) Weiterlesen ... &rarr;\" \/>\n<meta property=\"og:url\" content=\"https:\/\/www.joseph-wresinski.org\/de\/biographie\/\" \/>\n<meta property=\"og:site_name\" content=\"Joseph Wresinski DE\" \/>\n<meta property=\"article:modified_time\" content=\"2021-11-22T10:26:59+00:00\" \/>\n<meta property=\"og:image\" content=\"https:\/\/www.joseph-wresinski.org\/de\/wp-content\/uploads\/sites\/17\/2016\/10\/BUREAU_AU_TELEPHONE1.jpg\" \/>\n\t<meta property=\"og:image:width\" content=\"1286\" \/>\n\t<meta property=\"og:image:height\" content=\"848\" \/>\n\t<meta property=\"og:image:type\" content=\"image\/jpeg\" \/>\n<meta name=\"twitter:card\" content=\"summary_large_image\" \/>\n<meta name=\"twitter:label1\" content=\"Gesch\u00e4tzte Lesezeit\" \/>\n\t<meta name=\"twitter:data1\" content=\"3\u00a0Minuten\" \/>\n<script type=\"application\/ld+json\" class=\"yoast-schema-graph\">{\"@context\":\"https:\\\/\\\/schema.org\",\"@graph\":[{\"@type\":\"WebPage\",\"@id\":\"https:\\\/\\\/www.joseph-wresinski.org\\\/de\\\/biographie\\\/\",\"url\":\"https:\\\/\\\/www.joseph-wresinski.org\\\/de\\\/biographie\\\/\",\"name\":\"Biographie - Joseph Wresinski DE\",\"isPartOf\":{\"@id\":\"https:\\\/\\\/www.joseph-wresinski.org\\\/de\\\/#website\"},\"primaryImageOfPage\":{\"@id\":\"https:\\\/\\\/www.joseph-wresinski.org\\\/de\\\/biographie\\\/#primaryimage\"},\"image\":{\"@id\":\"https:\\\/\\\/www.joseph-wresinski.org\\\/de\\\/biographie\\\/#primaryimage\"},\"thumbnailUrl\":\"https:\\\/\\\/www.joseph-wresinski.org\\\/de\\\/wp-content\\\/uploads\\\/sites\\\/17\\\/2016\\\/10\\\/BUREAU_AU_TELEPHONE1.jpg\",\"datePublished\":\"2016-10-06T10:09:33+00:00\",\"dateModified\":\"2021-11-22T10:26:59+00:00\",\"breadcrumb\":{\"@id\":\"https:\\\/\\\/www.joseph-wresinski.org\\\/de\\\/biographie\\\/#breadcrumb\"},\"inLanguage\":\"de\",\"potentialAction\":[{\"@type\":\"ReadAction\",\"target\":[\"https:\\\/\\\/www.joseph-wresinski.org\\\/de\\\/biographie\\\/\"]}]},{\"@type\":\"ImageObject\",\"inLanguage\":\"de\",\"@id\":\"https:\\\/\\\/www.joseph-wresinski.org\\\/de\\\/biographie\\\/#primaryimage\",\"url\":\"https:\\\/\\\/www.joseph-wresinski.org\\\/de\\\/wp-content\\\/uploads\\\/sites\\\/17\\\/2016\\\/10\\\/BUREAU_AU_TELEPHONE1.jpg\",\"contentUrl\":\"https:\\\/\\\/www.joseph-wresinski.org\\\/de\\\/wp-content\\\/uploads\\\/sites\\\/17\\\/2016\\\/10\\\/BUREAU_AU_TELEPHONE1.jpg\",\"width\":1286,\"height\":848},{\"@type\":\"BreadcrumbList\",\"@id\":\"https:\\\/\\\/www.joseph-wresinski.org\\\/de\\\/biographie\\\/#breadcrumb\",\"itemListElement\":[{\"@type\":\"ListItem\",\"position\":1,\"name\":\"Startseite\",\"item\":\"https:\\\/\\\/www.joseph-wresinski.org\\\/de\\\/\"},{\"@type\":\"ListItem\",\"position\":2,\"name\":\"Biographie\"}]},{\"@type\":\"WebSite\",\"@id\":\"https:\\\/\\\/www.joseph-wresinski.org\\\/de\\\/#website\",\"url\":\"https:\\\/\\\/www.joseph-wresinski.org\\\/de\\\/\",\"name\":\"Joseph Wresinski DE\",\"description\":\"Eine Webseite des  Joseph-Wresinski-Zentrums\",\"potentialAction\":[{\"@type\":\"SearchAction\",\"target\":{\"@type\":\"EntryPoint\",\"urlTemplate\":\"https:\\\/\\\/www.joseph-wresinski.org\\\/de\\\/?s={search_term_string}\"},\"query-input\":{\"@type\":\"PropertyValueSpecification\",\"valueRequired\":true,\"valueName\":\"search_term_string\"}}],\"inLanguage\":\"de\"}]}<\/script>\n<!-- \/ Yoast SEO plugin. -->","yoast_head_json":{"title":"Biographie - Joseph Wresinski DE","robots":{"index":"index","follow":"follow","max-snippet":"max-snippet:-1","max-image-preview":"max-image-preview:large","max-video-preview":"max-video-preview:-1"},"canonical":"https:\/\/www.joseph-wresinski.org\/de\/biographie\/","og_locale":"de_DE","og_type":"article","og_title":"Biographie - Joseph Wresinski DE","og_description":"Joseph Wresinski wurde am 12. Februar 1917 in Angers (Frankreich) geboren, wo seine Familie w\u00e4hrend des Ersten Weltkriegs interniert war. (...) Weiterlesen ... &rarr;","og_url":"https:\/\/www.joseph-wresinski.org\/de\/biographie\/","og_site_name":"Joseph Wresinski DE","article_modified_time":"2021-11-22T10:26:59+00:00","og_image":[{"width":1286,"height":848,"url":"https:\/\/www.joseph-wresinski.org\/de\/wp-content\/uploads\/sites\/17\/2016\/10\/BUREAU_AU_TELEPHONE1.jpg","type":"image\/jpeg"}],"twitter_card":"summary_large_image","twitter_misc":{"Gesch\u00e4tzte Lesezeit":"3\u00a0Minuten"},"schema":{"@context":"https:\/\/schema.org","@graph":[{"@type":"WebPage","@id":"https:\/\/www.joseph-wresinski.org\/de\/biographie\/","url":"https:\/\/www.joseph-wresinski.org\/de\/biographie\/","name":"Biographie - Joseph Wresinski DE","isPartOf":{"@id":"https:\/\/www.joseph-wresinski.org\/de\/#website"},"primaryImageOfPage":{"@id":"https:\/\/www.joseph-wresinski.org\/de\/biographie\/#primaryimage"},"image":{"@id":"https:\/\/www.joseph-wresinski.org\/de\/biographie\/#primaryimage"},"thumbnailUrl":"https:\/\/www.joseph-wresinski.org\/de\/wp-content\/uploads\/sites\/17\/2016\/10\/BUREAU_AU_TELEPHONE1.jpg","datePublished":"2016-10-06T10:09:33+00:00","dateModified":"2021-11-22T10:26:59+00:00","breadcrumb":{"@id":"https:\/\/www.joseph-wresinski.org\/de\/biographie\/#breadcrumb"},"inLanguage":"de","potentialAction":[{"@type":"ReadAction","target":["https:\/\/www.joseph-wresinski.org\/de\/biographie\/"]}]},{"@type":"ImageObject","inLanguage":"de","@id":"https:\/\/www.joseph-wresinski.org\/de\/biographie\/#primaryimage","url":"https:\/\/www.joseph-wresinski.org\/de\/wp-content\/uploads\/sites\/17\/2016\/10\/BUREAU_AU_TELEPHONE1.jpg","contentUrl":"https:\/\/www.joseph-wresinski.org\/de\/wp-content\/uploads\/sites\/17\/2016\/10\/BUREAU_AU_TELEPHONE1.jpg","width":1286,"height":848},{"@type":"BreadcrumbList","@id":"https:\/\/www.joseph-wresinski.org\/de\/biographie\/#breadcrumb","itemListElement":[{"@type":"ListItem","position":1,"name":"Startseite","item":"https:\/\/www.joseph-wresinski.org\/de\/"},{"@type":"ListItem","position":2,"name":"Biographie"}]},{"@type":"WebSite","@id":"https:\/\/www.joseph-wresinski.org\/de\/#website","url":"https:\/\/www.joseph-wresinski.org\/de\/","name":"Joseph Wresinski DE","description":"Eine Webseite des  Joseph-Wresinski-Zentrums","potentialAction":[{"@type":"SearchAction","target":{"@type":"EntryPoint","urlTemplate":"https:\/\/www.joseph-wresinski.org\/de\/?s={search_term_string}"},"query-input":{"@type":"PropertyValueSpecification","valueRequired":true,"valueName":"search_term_string"}}],"inLanguage":"de"}]}},"_links":{"self":[{"href":"https:\/\/www.joseph-wresinski.org\/de\/wp-json\/wp\/v2\/pages\/834","targetHints":{"allow":["GET"]}}],"collection":[{"href":"https:\/\/www.joseph-wresinski.org\/de\/wp-json\/wp\/v2\/pages"}],"about":[{"href":"https:\/\/www.joseph-wresinski.org\/de\/wp-json\/wp\/v2\/types\/page"}],"author":[{"embeddable":true,"href":"https:\/\/www.joseph-wresinski.org\/de\/wp-json\/wp\/v2\/users\/2"}],"replies":[{"embeddable":true,"href":"https:\/\/www.joseph-wresinski.org\/de\/wp-json\/wp\/v2\/comments?post=834"}],"version-history":[{"count":7,"href":"https:\/\/www.joseph-wresinski.org\/de\/wp-json\/wp\/v2\/pages\/834\/revisions"}],"predecessor-version":[{"id":2663,"href":"https:\/\/www.joseph-wresinski.org\/de\/wp-json\/wp\/v2\/pages\/834\/revisions\/2663"}],"wp:featuredmedia":[{"embeddable":true,"href":"https:\/\/www.joseph-wresinski.org\/de\/wp-json\/wp\/v2\/media\/893"}],"wp:attachment":[{"href":"https:\/\/www.joseph-wresinski.org\/de\/wp-json\/wp\/v2\/media?parent=834"}],"curies":[{"name":"wp","href":"https:\/\/api.w.org\/{rel}","templated":true}]}}