{"id":435,"date":"2016-08-09T09:51:36","date_gmt":"2016-08-09T07:51:36","guid":{"rendered":"http:\/\/www.joseph-wresinski.org\/es\/?page_id=435"},"modified":"2018-03-14T14:45:03","modified_gmt":"2018-03-14T13:45:03","slug":"contacto","status":"publish","type":"page","link":"https:\/\/www.joseph-wresinski.org\/es\/contacto\/","title":{"rendered":"Contacte con nosotros"},"content":{"rendered":"<p>&nbsp;<\/p>\n<p>&nbsp;<\/p>\n<h4><strong>GESTIONNAIRE DE CE SITE<\/strong><\/h4>\n<p><span id=\"5f6574a0b350093cdf30222fab9ef84d\" class=\"atdqm\">webmestre@atd-quartmonde.org<\/span> (pour toutes questions techniques ou probl\u00e8mes concernant la navigation dans ce site)<\/p>\n<p><span id=\"c11f118b0948eab71dde7eeb022ff6e8\" class=\"atdqm\">\u00a0<\/span><\/p>\n<h2>Acc\u00e8s au CIJW<\/h2>\n<p>Le Centre International Joseph Wresinski est situ\u00e9 \u00e0 Baillet-en-France dans le Val d\u2019Oise, au nord-ouest de Paris (France).<br \/>\n<img loading=\"lazy\" decoding=\"async\" style=\"height: 11px;width: 8px\" src=\"\/wp-content\/uploads\/sites\/2\/2016\/07\/puce-68c92.gif\" alt=\"-\" width=\"8\" height=\"11\" \/>\u00a0Le Centre International Joseph Wresinski se trouve \u00e0 l\u2019entr\u00e9e du village de Baillet-en-France, en arrivant par Montsoult, et \u00e0 la sortie du village en arrivant de Cergy-Pontoise et M\u00e9ry-sur-Oise.<\/p>\n<p>L\u2019entr\u00e9e du public se fait par l\u2019arri\u00e8re, en empruntant la Sente du Chalet et non par la rue de la Gare.<\/p>\n<p><img loading=\"lazy\" decoding=\"async\" style=\"height: 11px;width: 8px\" src=\"\/wp-content\/uploads\/sites\/2\/2016\/07\/puce-68c92.gif\" alt=\"-\" width=\"8\" height=\"11\" \/>\u00a0En train, la gare la plus proche est Montsoult qu\u2019on atteint en 30 minutes au d\u00e9part de Paris-Nord ( direction Persan ou Montsoult-Maffliers). Le Centre est environ 20\u2019 de marche de la gare de Montsoult.<\/p>\n<p><img loading=\"lazy\" decoding=\"async\" style=\"height: 11px;width: 8px\" src=\"\/wp-content\/uploads\/sites\/2\/2016\/07\/puce-68c92.gif\" alt=\"-\" width=\"8\" height=\"11\" \/>\u00a0En voiture, Baillet est accessible par la D104 ( \u00abLa Francilienne\u00bb).<\/p>\n<h2>Nos coordonn\u00e9es<\/h2>\n<p>Vous voulez en savoir plus\u00a0? Vous \u00eates int\u00e9ress\u00e9s par nos travaux\u00a0? Prenez-contact avec nous et venez nous rendre visite au Centre International Joseph Wresinski.<br \/>\n<img loading=\"lazy\" decoding=\"async\" style=\"height: 11px;width: 8px\" src=\"\/wp-content\/uploads\/sites\/2\/2016\/07\/puce-68c92.gif\" alt=\"-\" width=\"8\" height=\"11\" \/>\u00a0Vous avez plusieurs possibilit\u00e9s pour nous contacter\u00a0:<\/p>\n<p>Par courrier\u00a0: Centre International Joseph Wresinski 2, rue de la Gare 95560 Baillet-en-France FRANCE<\/p>\n<p>Par T\u00e9l\u00e9phone\u00a0: 00.33.01.34.08.31.40<\/p>\n<p>Par fax\u00a0: 00.33.01.34.08.75.69<\/p>\n<p>&nbsp;<\/p>\n<dl>\n<dt><img loading=\"lazy\" decoding=\"async\" style=\"height: 228px;width: 320px\" src=\"\/wp-content\/uploads\/sites\/2\/2016\/07\/Bail_li3-47ad8.jpg\" alt=\"JPG - 39.6 ko\" width=\"320\" height=\"228\" \/><\/dt>\n<dt style=\"width: 320px\"><strong>L\u2019entr\u00e9e principale du CIJW<\/strong><\/dt>\n<dd style=\"width: 320px\">Aquarelle de Olivier Nod\u00e9 Langlois, Architecte du Centre.<\/dd>\n<\/dl>\n<p>&nbsp;<\/p>\n","protected":false},"excerpt":{"rendered":"<p>&nbsp; &nbsp; GESTIONNAIRE DE CE SITE webmestre@atd-quartmonde.org (pour toutes questions techniques ou probl\u00e8mes concernant la navigation dans ce site) \u00a0 (&#8230;) <a class=\"more-link\" href=\"https:\/\/www.joseph-wresinski.org\/es\/contacto\/\">Leer m\u00e1s <span class=\"meta-nav\">&rarr;<\/span><\/a><\/p>\n","protected":false},"author":2,"featured_media":1078,"parent":0,"menu_order":0,"comment_status":"closed","ping_status":"closed","template":"","meta":{"_acf_changed":false,"ep_exclude_from_search":false,"footnotes":""},"class_list":["post-435","page","type-page","status-publish","has-post-thumbnail","hentry"],"acf":[],"yoast_head":"<!-- This site is optimized with the Yoast SEO plugin v27.5 - https:\/\/yoast.com\/product\/yoast-seo-wordpress\/ -->\n<title>Contacte con nosotros - Joseph Wresinski ES<\/title>\n<meta name=\"robots\" content=\"index, follow, max-snippet:-1, max-image-preview:large, max-video-preview:-1\" \/>\n<link rel=\"canonical\" href=\"https:\/\/www.joseph-wresinski.org\/es\/contacto\/\" \/>\n<meta property=\"og:locale\" content=\"es_ES\" \/>\n<meta property=\"og:type\" content=\"article\" \/>\n<meta property=\"og:title\" content=\"Contacte con nosotros - Joseph Wresinski ES\" \/>\n<meta property=\"og:description\" content=\"&nbsp; &nbsp; GESTIONNAIRE DE CE SITE webmestre@atd-quartmonde.org (pour toutes questions techniques ou probl\u00e8mes concernant la navigation dans ce site) \u00a0 (...) Leer m\u00e1s &rarr;\" \/>\n<meta property=\"og:url\" content=\"https:\/\/www.joseph-wresinski.org\/es\/contacto\/\" \/>\n<meta property=\"og:site_name\" content=\"Joseph Wresinski ES\" \/>\n<meta property=\"article:modified_time\" content=\"2018-03-14T13:45:03+00:00\" \/>\n<meta property=\"og:image\" content=\"https:\/\/www.joseph-wresinski.org\/es\/wp-content\/uploads\/sites\/13\/2016\/08\/fond-contact-1217x530.jpg\" \/>\n\t<meta property=\"og:image:width\" content=\"1217\" \/>\n\t<meta property=\"og:image:height\" content=\"530\" \/>\n\t<meta property=\"og:image:type\" content=\"image\/jpeg\" \/>\n<meta name=\"twitter:card\" content=\"summary_large_image\" \/>\n<meta name=\"twitter:label1\" content=\"Tiempo de lectura\" \/>\n\t<meta name=\"twitter:data1\" content=\"1 minuto\" \/>\n<script type=\"application\/ld+json\" class=\"yoast-schema-graph\">{\"@context\":\"https:\\\/\\\/schema.org\",\"@graph\":[{\"@type\":\"WebPage\",\"@id\":\"https:\\\/\\\/www.joseph-wresinski.org\\\/es\\\/contacto\\\/\",\"url\":\"https:\\\/\\\/www.joseph-wresinski.org\\\/es\\\/contacto\\\/\",\"name\":\"Contacte con nosotros - Joseph Wresinski ES\",\"isPartOf\":{\"@id\":\"https:\\\/\\\/www.joseph-wresinski.org\\\/es\\\/#website\"},\"primaryImageOfPage\":{\"@id\":\"https:\\\/\\\/www.joseph-wresinski.org\\\/es\\\/contacto\\\/#primaryimage\"},\"image\":{\"@id\":\"https:\\\/\\\/www.joseph-wresinski.org\\\/es\\\/contacto\\\/#primaryimage\"},\"thumbnailUrl\":\"https:\\\/\\\/www.joseph-wresinski.org\\\/es\\\/wp-content\\\/uploads\\\/sites\\\/13\\\/2016\\\/08\\\/fond-contact-1217x530.jpg\",\"datePublished\":\"2016-08-09T07:51:36+00:00\",\"dateModified\":\"2018-03-14T13:45:03+00:00\",\"breadcrumb\":{\"@id\":\"https:\\\/\\\/www.joseph-wresinski.org\\\/es\\\/contacto\\\/#breadcrumb\"},\"inLanguage\":\"es\",\"potentialAction\":[{\"@type\":\"ReadAction\",\"target\":[\"https:\\\/\\\/www.joseph-wresinski.org\\\/es\\\/contacto\\\/\"]}]},{\"@type\":\"ImageObject\",\"inLanguage\":\"es\",\"@id\":\"https:\\\/\\\/www.joseph-wresinski.org\\\/es\\\/contacto\\\/#primaryimage\",\"url\":\"https:\\\/\\\/www.joseph-wresinski.org\\\/es\\\/wp-content\\\/uploads\\\/sites\\\/13\\\/2016\\\/08\\\/fond-contact-1217x530.jpg\",\"contentUrl\":\"https:\\\/\\\/www.joseph-wresinski.org\\\/es\\\/wp-content\\\/uploads\\\/sites\\\/13\\\/2016\\\/08\\\/fond-contact-1217x530.jpg\",\"width\":1217,\"height\":530},{\"@type\":\"BreadcrumbList\",\"@id\":\"https:\\\/\\\/www.joseph-wresinski.org\\\/es\\\/contacto\\\/#breadcrumb\",\"itemListElement\":[{\"@type\":\"ListItem\",\"position\":1,\"name\":\"Portada\",\"item\":\"https:\\\/\\\/www.joseph-wresinski.org\\\/es\\\/\"},{\"@type\":\"ListItem\",\"position\":2,\"name\":\"Contacte con nosotros\"}]},{\"@type\":\"WebSite\",\"@id\":\"https:\\\/\\\/www.joseph-wresinski.org\\\/es\\\/#website\",\"url\":\"https:\\\/\\\/www.joseph-wresinski.org\\\/es\\\/\",\"name\":\"Joseph Wresinski ES\",\"description\":\"Un sitio web propuesto por el Centro Joseph Wresinski\",\"potentialAction\":[{\"@type\":\"SearchAction\",\"target\":{\"@type\":\"EntryPoint\",\"urlTemplate\":\"https:\\\/\\\/www.joseph-wresinski.org\\\/es\\\/?s={search_term_string}\"},\"query-input\":{\"@type\":\"PropertyValueSpecification\",\"valueRequired\":true,\"valueName\":\"search_term_string\"}}],\"inLanguage\":\"es\"}]}<\/script>\n<!-- \/ Yoast SEO plugin. -->","yoast_head_json":{"title":"Contacte con nosotros - Joseph Wresinski ES","robots":{"index":"index","follow":"follow","max-snippet":"max-snippet:-1","max-image-preview":"max-image-preview:large","max-video-preview":"max-video-preview:-1"},"canonical":"https:\/\/www.joseph-wresinski.org\/es\/contacto\/","og_locale":"es_ES","og_type":"article","og_title":"Contacte con nosotros - Joseph Wresinski ES","og_description":"&nbsp; &nbsp; GESTIONNAIRE DE CE SITE webmestre@atd-quartmonde.org (pour toutes questions techniques ou probl\u00e8mes concernant la navigation dans ce site) \u00a0 (...) Leer m\u00e1s &rarr;","og_url":"https:\/\/www.joseph-wresinski.org\/es\/contacto\/","og_site_name":"Joseph Wresinski ES","article_modified_time":"2018-03-14T13:45:03+00:00","og_image":[{"width":1217,"height":530,"url":"https:\/\/www.joseph-wresinski.org\/es\/wp-content\/uploads\/sites\/13\/2016\/08\/fond-contact-1217x530.jpg","type":"image\/jpeg"}],"twitter_card":"summary_large_image","twitter_misc":{"Tiempo de lectura":"1 minuto"},"schema":{"@context":"https:\/\/schema.org","@graph":[{"@type":"WebPage","@id":"https:\/\/www.joseph-wresinski.org\/es\/contacto\/","url":"https:\/\/www.joseph-wresinski.org\/es\/contacto\/","name":"Contacte con nosotros - Joseph Wresinski ES","isPartOf":{"@id":"https:\/\/www.joseph-wresinski.org\/es\/#website"},"primaryImageOfPage":{"@id":"https:\/\/www.joseph-wresinski.org\/es\/contacto\/#primaryimage"},"image":{"@id":"https:\/\/www.joseph-wresinski.org\/es\/contacto\/#primaryimage"},"thumbnailUrl":"https:\/\/www.joseph-wresinski.org\/es\/wp-content\/uploads\/sites\/13\/2016\/08\/fond-contact-1217x530.jpg","datePublished":"2016-08-09T07:51:36+00:00","dateModified":"2018-03-14T13:45:03+00:00","breadcrumb":{"@id":"https:\/\/www.joseph-wresinski.org\/es\/contacto\/#breadcrumb"},"inLanguage":"es","potentialAction":[{"@type":"ReadAction","target":["https:\/\/www.joseph-wresinski.org\/es\/contacto\/"]}]},{"@type":"ImageObject","inLanguage":"es","@id":"https:\/\/www.joseph-wresinski.org\/es\/contacto\/#primaryimage","url":"https:\/\/www.joseph-wresinski.org\/es\/wp-content\/uploads\/sites\/13\/2016\/08\/fond-contact-1217x530.jpg","contentUrl":"https:\/\/www.joseph-wresinski.org\/es\/wp-content\/uploads\/sites\/13\/2016\/08\/fond-contact-1217x530.jpg","width":1217,"height":530},{"@type":"BreadcrumbList","@id":"https:\/\/www.joseph-wresinski.org\/es\/contacto\/#breadcrumb","itemListElement":[{"@type":"ListItem","position":1,"name":"Portada","item":"https:\/\/www.joseph-wresinski.org\/es\/"},{"@type":"ListItem","position":2,"name":"Contacte con nosotros"}]},{"@type":"WebSite","@id":"https:\/\/www.joseph-wresinski.org\/es\/#website","url":"https:\/\/www.joseph-wresinski.org\/es\/","name":"Joseph Wresinski ES","description":"Un sitio web propuesto por el Centro Joseph Wresinski","potentialAction":[{"@type":"SearchAction","target":{"@type":"EntryPoint","urlTemplate":"https:\/\/www.joseph-wresinski.org\/es\/?s={search_term_string}"},"query-input":{"@type":"PropertyValueSpecification","valueRequired":true,"valueName":"search_term_string"}}],"inLanguage":"es"}]}},"_links":{"self":[{"href":"https:\/\/www.joseph-wresinski.org\/es\/wp-json\/wp\/v2\/pages\/435","targetHints":{"allow":["GET"]}}],"collection":[{"href":"https:\/\/www.joseph-wresinski.org\/es\/wp-json\/wp\/v2\/pages"}],"about":[{"href":"https:\/\/www.joseph-wresinski.org\/es\/wp-json\/wp\/v2\/types\/page"}],"author":[{"embeddable":true,"href":"https:\/\/www.joseph-wresinski.org\/es\/wp-json\/wp\/v2\/users\/2"}],"replies":[{"embeddable":true,"href":"https:\/\/www.joseph-wresinski.org\/es\/wp-json\/wp\/v2\/comments?post=435"}],"version-history":[{"count":12,"href":"https:\/\/www.joseph-wresinski.org\/es\/wp-json\/wp\/v2\/pages\/435\/revisions"}],"predecessor-version":[{"id":1188,"href":"https:\/\/www.joseph-wresinski.org\/es\/wp-json\/wp\/v2\/pages\/435\/revisions\/1188"}],"wp:featuredmedia":[{"embeddable":true,"href":"https:\/\/www.joseph-wresinski.org\/es\/wp-json\/wp\/v2\/media\/1078"}],"wp:attachment":[{"href":"https:\/\/www.joseph-wresinski.org\/es\/wp-json\/wp\/v2\/media?parent=435"}],"curies":[{"name":"wp","href":"https:\/\/api.w.org\/{rel}","templated":true}]}}