{"id":435,"date":"2016-08-09T09:51:36","date_gmt":"2016-08-09T07:51:36","guid":{"rendered":"http:\/\/www.joseph-wresinski.org\/ch\/?page_id=435"},"modified":"2016-12-27T13:53:03","modified_gmt":"2016-12-27T12:53:03","slug":"contact","status":"publish","type":"page","link":"https:\/\/www.joseph-wresinski.org\/zh\/contact\/","title":{"rendered":"Contact us"},"content":{"rendered":"<p>Vous voulez en savoir plus\u00a0? Vous \u00eates int\u00e9ress\u00e9s par nos travaux\u00a0? Prenez-contact avec nous et venez nous rendre visite au Centre Joseph Wresinski.<\/p>\n<h2>Acc\u00e8s au Centre Joseph Wresinski<\/h2>\n<p>Le Centre Joseph Wresinski est situ\u00e9 \u00e0 Baillet-en-France dans le Val d\u2019Oise, au nord-ouest de Paris (France).<\/p>\n<p>Le Centre Joseph Wresinski se trouve \u00e0 l\u2019entr\u00e9e du village de Baillet-en-France, en arrivant par Montsoult, et \u00e0 la sortie du village en arrivant de Cergy-Pontoise et M\u00e9ry-sur-Oise.\u00a0L\u2019entr\u00e9e du public se fait par l\u2019arri\u00e8re, en empruntant la Sente du Chalet et non par la rue de la Gare.<\/p>\n<p><img loading=\"lazy\" decoding=\"async\" src=\"http:\/\/www.joseph-wresinski.org\/wp-content\/uploads\/sites\/2\/2016\/07\/puce-68c92.gif\" alt=\"-\" width=\"8\" height=\"11\" \/>\u00a0<strong>En train<\/strong>, la gare la plus proche est Montsoult qu\u2019on atteint en 30 minutes au d\u00e9part de Paris-Nord ( direction Persan ou Montsoult-Maffliers). Le Centre est environ 20\u2019 de marche de la gare de Montsoult.<\/p>\n<p><img loading=\"lazy\" decoding=\"async\" src=\"http:\/\/www.joseph-wresinski.org\/wp-content\/uploads\/sites\/2\/2016\/07\/puce-68c92.gif\" alt=\"-\" width=\"8\" height=\"11\" \/>\u00a0<strong>En voiture<\/strong>, Baillet est accessible par la D104 ( \u00ab\u00a0La Francilienne\u00a0\u00bb).<\/p>\n<p><img loading=\"lazy\" decoding=\"async\" src=\"http:\/\/www.joseph-wresinski.org\/wp-content\/uploads\/sites\/2\/2016\/07\/Bail_li3-47ad8.jpg\" alt=\"JPG - 39.6 ko\" width=\"320\" height=\"228\" \/><\/p>\n<p><strong>L\u2019entr\u00e9e principale du CJW<\/strong><br \/>\nAquarelle de Olivier Nod\u00e9 Langlois, Architecte du Centre.<\/p>\n<h2>Nos coordonn\u00e9es<\/h2>\n<p>Vous avez plusieurs possibilit\u00e9s pour nous contacter\u00a0:<\/p>\n<p><strong><img loading=\"lazy\" decoding=\"async\" src=\"http:\/\/www.joseph-wresinski.org\/wp-content\/uploads\/sites\/2\/2016\/07\/puce-68c92.gif\" alt=\"-\" width=\"8\" height=\"11\" \/>\u00a0Par courrier \u00e9lectronique<\/strong>: <span id=\"d9b7c887437fc6ce93de5d6debb1357f\" class=\"atdqm\"><a href=\"mailto:centre.wresinski@atd-quartmonde.org\">centre.wresinski@atd-quartmonde.org<\/a><\/span><\/p>\n<p><strong><img loading=\"lazy\" decoding=\"async\" src=\"http:\/\/www.joseph-wresinski.org\/wp-content\/uploads\/sites\/2\/2016\/07\/puce-68c92.gif\" alt=\"-\" width=\"8\" height=\"11\" \/>\u00a0Par courrier<\/strong>\u00a0: Centre\u00a0 Joseph Wresinski, 2, rue de la Gare,\u00a0 95560 Baillet-en-France ,\u00a0 FRANCE<\/p>\n<p><strong><img loading=\"lazy\" decoding=\"async\" src=\"http:\/\/www.joseph-wresinski.org\/wp-content\/uploads\/sites\/2\/2016\/07\/puce-68c92.gif\" alt=\"-\" width=\"8\" height=\"11\" \/>\u00a0Par T\u00e9l\u00e9phone<\/strong>\u00a0: <span id=\"a471377ab7a8de3bdb98ec59bf54a909\" class=\"atdqm\"><a href=\"tel:0033134083140\">+33.(0)1.34.08.31.40<\/a><\/span><\/p>\n<p><strong><img loading=\"lazy\" decoding=\"async\" src=\"http:\/\/www.joseph-wresinski.org\/wp-content\/uploads\/sites\/2\/2016\/07\/puce-68c92.gif\" alt=\"-\" width=\"8\" height=\"11\" \/>\u00a0Par fax<\/strong>\u00a0: <span id=\"4a46f5c40317de483809d44cdb34425c\" class=\"atdqm\"><a href=\"tel:0033134087569\">+.33.(0)1.34.08.75.69<\/a><\/span><\/p>\n<h2>Gestionnaire de ce site<\/h2>\n<p><span id=\"08430f04c8a89157522cfae4f88bce41\" class=\"atdqm\"><a href=\"mailto:webmestre@atd-quartmonde.org\" target=\"_blank\">webmestre@atd-quartmonde.org<\/a><\/span> pour toutes questions techniques ou probl\u00e8mes concernant le site.<\/p>\n<p>&nbsp;<\/p>\n","protected":false},"excerpt":{"rendered":"<p>Vous voulez en savoi (&#8230;) <a class=\"more-link\" href=\"https:\/\/www.joseph-wresinski.org\/zh\/contact\/\">\u7ee7\u7eed\u9605\u8bfb <span class=\"meta-nav\">&rarr;<\/span><\/a><\/p>\n","protected":false},"author":2,"featured_media":905,"parent":0,"menu_order":0,"comment_status":"closed","ping_status":"closed","template":"","meta":{"_acf_changed":false,"ep_exclude_from_search":false,"footnotes":""},"class_list":["post-435","page","type-page","status-publish","has-post-thumbnail","hentry"],"acf":[],"yoast_head":"<!-- This site is optimized with the Yoast SEO plugin v27.5 - https:\/\/yoast.com\/product\/yoast-seo-wordpress\/ -->\n<title>Contact us - Joseph Wresinski \u4e2d\u6587<\/title>\n<meta name=\"robots\" content=\"index, follow, max-snippet:-1, max-image-preview:large, max-video-preview:-1\" \/>\n<link rel=\"canonical\" href=\"https:\/\/www.joseph-wresinski.org\/zh\/contact\/\" \/>\n<meta property=\"og:locale\" content=\"zh_CN\" \/>\n<meta property=\"og:type\" content=\"article\" \/>\n<meta property=\"og:title\" content=\"Contact us - Joseph Wresinski \u4e2d\u6587\" \/>\n<meta property=\"og:description\" content=\"Vous voulez en savoi (...) \u7ee7\u7eed\u9605\u8bfb &rarr;\" \/>\n<meta property=\"og:url\" content=\"https:\/\/www.joseph-wresinski.org\/zh\/contact\/\" \/>\n<meta property=\"og:site_name\" content=\"Joseph Wresinski \u4e2d\u6587\" \/>\n<meta property=\"article:modified_time\" content=\"2016-12-27T12:53:03+00:00\" \/>\n<meta property=\"og:image\" content=\"https:\/\/www.joseph-wresinski.org\/zh\/wp-content\/uploads\/sites\/14\/2016\/08\/fond-contact-1217x530.jpg\" \/>\n\t<meta property=\"og:image:width\" content=\"1217\" \/>\n\t<meta property=\"og:image:height\" content=\"530\" \/>\n\t<meta property=\"og:image:type\" content=\"image\/jpeg\" \/>\n<meta name=\"twitter:card\" content=\"summary_large_image\" \/>\n<meta name=\"twitter:label1\" content=\"\u9884\u8ba1\u9605\u8bfb\u65f6\u95f4\" \/>\n\t<meta name=\"twitter:data1\" content=\"1 \u5206\" \/>\n<script type=\"application\/ld+json\" class=\"yoast-schema-graph\">{\"@context\":\"https:\\\/\\\/schema.org\",\"@graph\":[{\"@type\":\"WebPage\",\"@id\":\"https:\\\/\\\/www.joseph-wresinski.org\\\/zh\\\/contact\\\/\",\"url\":\"https:\\\/\\\/www.joseph-wresinski.org\\\/zh\\\/contact\\\/\",\"name\":\"Contact us - Joseph Wresinski \u4e2d\u6587\",\"isPartOf\":{\"@id\":\"https:\\\/\\\/www.joseph-wresinski.org\\\/zh\\\/#website\"},\"primaryImageOfPage\":{\"@id\":\"https:\\\/\\\/www.joseph-wresinski.org\\\/zh\\\/contact\\\/#primaryimage\"},\"image\":{\"@id\":\"https:\\\/\\\/www.joseph-wresinski.org\\\/zh\\\/contact\\\/#primaryimage\"},\"thumbnailUrl\":\"https:\\\/\\\/www.joseph-wresinski.org\\\/zh\\\/wp-content\\\/uploads\\\/sites\\\/14\\\/2016\\\/08\\\/fond-contact-1217x530.jpg\",\"datePublished\":\"2016-08-09T07:51:36+00:00\",\"dateModified\":\"2016-12-27T12:53:03+00:00\",\"breadcrumb\":{\"@id\":\"https:\\\/\\\/www.joseph-wresinski.org\\\/zh\\\/contact\\\/#breadcrumb\"},\"inLanguage\":\"zh-Hans\",\"potentialAction\":[{\"@type\":\"ReadAction\",\"target\":[\"https:\\\/\\\/www.joseph-wresinski.org\\\/zh\\\/contact\\\/\"]}]},{\"@type\":\"ImageObject\",\"inLanguage\":\"zh-Hans\",\"@id\":\"https:\\\/\\\/www.joseph-wresinski.org\\\/zh\\\/contact\\\/#primaryimage\",\"url\":\"https:\\\/\\\/www.joseph-wresinski.org\\\/zh\\\/wp-content\\\/uploads\\\/sites\\\/14\\\/2016\\\/08\\\/fond-contact-1217x530.jpg\",\"contentUrl\":\"https:\\\/\\\/www.joseph-wresinski.org\\\/zh\\\/wp-content\\\/uploads\\\/sites\\\/14\\\/2016\\\/08\\\/fond-contact-1217x530.jpg\",\"width\":1217,\"height\":530},{\"@type\":\"BreadcrumbList\",\"@id\":\"https:\\\/\\\/www.joseph-wresinski.org\\\/zh\\\/contact\\\/#breadcrumb\",\"itemListElement\":[{\"@type\":\"ListItem\",\"position\":1,\"name\":\"Home\",\"item\":\"https:\\\/\\\/www.joseph-wresinski.org\\\/zh\\\/\"},{\"@type\":\"ListItem\",\"position\":2,\"name\":\"Contact us\"}]},{\"@type\":\"WebSite\",\"@id\":\"https:\\\/\\\/www.joseph-wresinski.org\\\/zh\\\/#website\",\"url\":\"https:\\\/\\\/www.joseph-wresinski.org\\\/zh\\\/\",\"name\":\"Joseph Wresinski \u4e2d\u6587\",\"description\":\"\u82e5\u745f.\u8d6b\u5fcd\u65af\u57fa\u4e2d\u5fc3\u63d0\u4f9b\u7684\u7f51\u7ad9\",\"potentialAction\":[{\"@type\":\"SearchAction\",\"target\":{\"@type\":\"EntryPoint\",\"urlTemplate\":\"https:\\\/\\\/www.joseph-wresinski.org\\\/zh\\\/?s={search_term_string}\"},\"query-input\":{\"@type\":\"PropertyValueSpecification\",\"valueRequired\":true,\"valueName\":\"search_term_string\"}}],\"inLanguage\":\"zh-Hans\"}]}<\/script>\n<!-- \/ Yoast SEO plugin. -->","yoast_head_json":{"title":"Contact us - Joseph Wresinski \u4e2d\u6587","robots":{"index":"index","follow":"follow","max-snippet":"max-snippet:-1","max-image-preview":"max-image-preview:large","max-video-preview":"max-video-preview:-1"},"canonical":"https:\/\/www.joseph-wresinski.org\/zh\/contact\/","og_locale":"zh_CN","og_type":"article","og_title":"Contact us - Joseph Wresinski \u4e2d\u6587","og_description":"Vous voulez en savoi (...) \u7ee7\u7eed\u9605\u8bfb &rarr;","og_url":"https:\/\/www.joseph-wresinski.org\/zh\/contact\/","og_site_name":"Joseph Wresinski \u4e2d\u6587","article_modified_time":"2016-12-27T12:53:03+00:00","og_image":[{"width":1217,"height":530,"url":"https:\/\/www.joseph-wresinski.org\/zh\/wp-content\/uploads\/sites\/14\/2016\/08\/fond-contact-1217x530.jpg","type":"image\/jpeg"}],"twitter_card":"summary_large_image","twitter_misc":{"\u9884\u8ba1\u9605\u8bfb\u65f6\u95f4":"1 \u5206"},"schema":{"@context":"https:\/\/schema.org","@graph":[{"@type":"WebPage","@id":"https:\/\/www.joseph-wresinski.org\/zh\/contact\/","url":"https:\/\/www.joseph-wresinski.org\/zh\/contact\/","name":"Contact us - Joseph Wresinski \u4e2d\u6587","isPartOf":{"@id":"https:\/\/www.joseph-wresinski.org\/zh\/#website"},"primaryImageOfPage":{"@id":"https:\/\/www.joseph-wresinski.org\/zh\/contact\/#primaryimage"},"image":{"@id":"https:\/\/www.joseph-wresinski.org\/zh\/contact\/#primaryimage"},"thumbnailUrl":"https:\/\/www.joseph-wresinski.org\/zh\/wp-content\/uploads\/sites\/14\/2016\/08\/fond-contact-1217x530.jpg","datePublished":"2016-08-09T07:51:36+00:00","dateModified":"2016-12-27T12:53:03+00:00","breadcrumb":{"@id":"https:\/\/www.joseph-wresinski.org\/zh\/contact\/#breadcrumb"},"inLanguage":"zh-Hans","potentialAction":[{"@type":"ReadAction","target":["https:\/\/www.joseph-wresinski.org\/zh\/contact\/"]}]},{"@type":"ImageObject","inLanguage":"zh-Hans","@id":"https:\/\/www.joseph-wresinski.org\/zh\/contact\/#primaryimage","url":"https:\/\/www.joseph-wresinski.org\/zh\/wp-content\/uploads\/sites\/14\/2016\/08\/fond-contact-1217x530.jpg","contentUrl":"https:\/\/www.joseph-wresinski.org\/zh\/wp-content\/uploads\/sites\/14\/2016\/08\/fond-contact-1217x530.jpg","width":1217,"height":530},{"@type":"BreadcrumbList","@id":"https:\/\/www.joseph-wresinski.org\/zh\/contact\/#breadcrumb","itemListElement":[{"@type":"ListItem","position":1,"name":"Home","item":"https:\/\/www.joseph-wresinski.org\/zh\/"},{"@type":"ListItem","position":2,"name":"Contact us"}]},{"@type":"WebSite","@id":"https:\/\/www.joseph-wresinski.org\/zh\/#website","url":"https:\/\/www.joseph-wresinski.org\/zh\/","name":"Joseph Wresinski \u4e2d\u6587","description":"\u82e5\u745f.\u8d6b\u5fcd\u65af\u57fa\u4e2d\u5fc3\u63d0\u4f9b\u7684\u7f51\u7ad9","potentialAction":[{"@type":"SearchAction","target":{"@type":"EntryPoint","urlTemplate":"https:\/\/www.joseph-wresinski.org\/zh\/?s={search_term_string}"},"query-input":{"@type":"PropertyValueSpecification","valueRequired":true,"valueName":"search_term_string"}}],"inLanguage":"zh-Hans"}]}},"_links":{"self":[{"href":"https:\/\/www.joseph-wresinski.org\/zh\/wp-json\/wp\/v2\/pages\/435","targetHints":{"allow":["GET"]}}],"collection":[{"href":"https:\/\/www.joseph-wresinski.org\/zh\/wp-json\/wp\/v2\/pages"}],"about":[{"href":"https:\/\/www.joseph-wresinski.org\/zh\/wp-json\/wp\/v2\/types\/page"}],"author":[{"embeddable":true,"href":"https:\/\/www.joseph-wresinski.org\/zh\/wp-json\/wp\/v2\/users\/2"}],"replies":[{"embeddable":true,"href":"https:\/\/www.joseph-wresinski.org\/zh\/wp-json\/wp\/v2\/comments?post=435"}],"version-history":[{"count":9,"href":"https:\/\/www.joseph-wresinski.org\/zh\/wp-json\/wp\/v2\/pages\/435\/revisions"}],"predecessor-version":[{"id":959,"href":"https:\/\/www.joseph-wresinski.org\/zh\/wp-json\/wp\/v2\/pages\/435\/revisions\/959"}],"wp:featuredmedia":[{"embeddable":true,"href":"https:\/\/www.joseph-wresinski.org\/zh\/wp-json\/wp\/v2\/media\/905"}],"wp:attachment":[{"href":"https:\/\/www.joseph-wresinski.org\/zh\/wp-json\/wp\/v2\/media?parent=435"}],"curies":[{"name":"wp","href":"https:\/\/api.w.org\/{rel}","templated":true}]}}